{"id":2,"date":"2019-06-24T10:46:46","date_gmt":"2019-06-24T10:46:46","guid":{"rendered":"https:\/\/kompet.eu\/wp\/dj\/?page_id=2"},"modified":"2025-04-09T09:42:02","modified_gmt":"2025-04-09T09:42:02","slug":"sample-page","status":"publish","type":"page","link":"https:\/\/dentjohn.eu\/et\/","title":{"rendered":"main"},"content":{"rendered":"<div class=\"row\">\r\n<div class=\"col-xs-12 col-md-4 col-sm-12 col-lg-4 text-center p-top\" style=\"padding-top: 20px\">\r\n<img decoding=\"async\" src=\"https:\/\/dentjohn.eu\/wp-content\/uploads\/2025\/04\/icon1.png\" alt=\"\" width=\"150\" class=\"alignnone size-medium wp-image-80\" \/>\r\n<h2>Kiire<\/h2>\r\n<span style=\"font-size: 18px\">Autot ei pea kauaks remonti viima. Keskmiselt v\u00f5tab m\u00f5lgi eemaldus aega 1 tund, kuid v\u00f5ib v\u00f5tta ka mitu \u00f6\u00f6p\u00e4eva (rahest tulnud autod).<\/span>\r\n<\/div>\r\n<div class=\"col-xs-12 col-md-4 col-sm-12 col-lg-4 text-center p-top\" style=\"padding-top: 20px\">\r\n<img decoding=\"async\" src=\"https:\/\/dentjohn.eu\/wp-content\/uploads\/2025\/04\/icon2.png\" alt=\"\" width=\"150\" class=\"alignnone size-medium wp-image-76\" \/>\r\n<h2>Soodne<\/h2>\r\n<span style=\"font-size: 18px\">M\u00f5lgi eemaldus on odavam kui detaili vahetus v\u00f5i v\u00e4rvimine koos keret\u00f6\u00f6dega.<\/span>\r\n<\/div>\r\n<div class=\"col-xs-12 col-md-4 col-sm-12 col-lg-4 text-center p-top\" style=\"padding-top: 20px\">\r\n<img decoding=\"async\" src=\"https:\/\/dentjohn.eu\/wp-content\/uploads\/2025\/04\/icon3.png\" alt=\"\" width=\"150\" class=\"alignnone size-medium wp-image-76\" \/>\r\n<h2>Efektiivne<\/h2>\r\n<span style=\"font-size: 18px\">Tehase lakikiht s\u00e4ilib, mis on remonditud omast parem ning ei m\u00f5juta autom\u00fc\u00fcgihinda.<\/span>\r\n<\/div>\r\n<\/div>\r\n\r\n<div class=\"row text-center\">\r\n<button data-toggle=\"collapse\" data-target=\"#demo\"><strong>Rohkem infot<\/strong><\/button>\r\n\r\n<div id=\"demo\" class=\"collapse\">\r\n<p align=\"justify\">PDR\/DOL(Paintless dent repair, Dellen ohne lackieren) see on m\u00f5lkide eemaldamise tehnoloogia ilma v\u00e4rvimiseta, mis oli leiutatud Mercedes-Benz tehases aastal 1952.<\/p>\r\n\r\n<p align=\"justify\">Antud tehnoloogia seisneb sellest, et meister, kes on l\u00e4binud vastava koolituse ning omab vajalikku t\u00f6\u00f6riistade komplekti, saab loetud tundide arvuga taastada kere elemente, ilma, et ta peaks plekksepa- v\u00f5i v\u00e4rvimist\u00f6id teostama. M\u00f5lkide eemaldamise protsessis kasutatakse spetsiaalseid t\u00f6\u00f6riistu erineva konfiguratsiooniga surumiseks metalli sisepinnal. Samas kasutatakse ka erinevaid t\u00f5mbamise meetodeid metalli v\u00e4lispinnal.<\/p>\r\n\r\n<p align=\"justify\">PDR tehnoloogia on ennast h\u00e4sti \u00f5igustanud ning  soovituslikult saab seda kasutada autokahjude tekkimiste korral, mis on tingitud: rahest, lendavatest esemetest (majapidamisj\u00e4\u00e4tmed, puudelt langenud oksad), mitte t\u00e4helepanelikust parkimisest, k\u00e4tega v\u00f5i jalgadega tekitatud surutud m\u00f5lgid, vandalismist. K\u00f5ik sellist laadi defektid eemaldatakse t\u00e4ielikult ning l\u00f5plikult, kuni juhtumieelse seisundini (tehaseseisund), v\u00e4listades v\u00e4rvimise vajadust, mis  omakorda s\u00e4\u00e4stab aega ja raha.<\/p>\r\n\r\n<h2>NB! M\u00f5lke ei saa eemaldada, kui:<\/h2>\r\n<div class=\"row\">\r\n<div class=\"col-xs-12 col-md-4 col-sm-12 col-lg-4 text-center p-top\" style=\"padding-top: 20px\">\r\n<img decoding=\"async\" src=\"https:\/\/dj.kompet.eu\/wp-content\/uploads\/sites\/8\/2019\/07\/icon4-300x300.png\" alt=\"\" width=\"150\" class=\"alignnone size-medium wp-image-105\" \/>\r\n<p><span style=\"font-size: 18px\">Lakikiht on tugevasti kahjustatud.<\/span><\/p>\r\n<\/div>\r\n<div class=\"col-xs-12 col-md-4 col-sm-12 col-lg-4 text-center p-top\" style=\"padding-top: 20px\">\r\n<img decoding=\"async\" src=\"https:\/\/dj.kompet.eu\/wp-content\/uploads\/sites\/8\/2019\/07\/icon4-300x300.png\" alt=\"\" width=\"150\" class=\"alignnone size-medium wp-image-105\" \/>\r\n<p><span style=\"font-size: 18px\">Kohtades, kus on mitu metallikihti.<\/span><\/p>\r\n<\/div>\r\n<div class=\"col-xs-12 col-md-4 col-sm-12 col-lg-4 text-center p-top\" style=\"padding-top: 20px\">\r\n<img decoding=\"async\" src=\"https:\/\/dj.kompet.eu\/wp-content\/uploads\/sites\/8\/2019\/07\/icon4-300x300.png\" alt=\"\" width=\"150\" class=\"alignnone size-medium wp-image-105\" \/>\r\n<p><span style=\"font-size: 18px\">Totaalse kere elementide h\u00e4vingul.<\/span><\/p>\r\n<\/div>\r\n<\/div>\r\n\r\n\r\n\r\n<\/div>\r\n<\/div>\r\n\r\n<\/div>\r\n<\/div>\r\n<\/div>\r\n<div class=\"row\" style=\"background: white\">\r\n<div class=\"container\" style=\"background: white;padding-top: 20px\">\r\n<h2 class=\"text-center\" style=\"color: black\">Meie t\u00f6\u00f6d<\/h2>\r\nngg_shortcode_0_placeholder\r\n<br><br>","protected":false},"excerpt":{"rendered":"<p>Kiire Autot ei pea kauaks remonti viima. Keskmiselt v\u00f5tab m\u00f5lgi eemaldus aega 1 tund, kuid v\u00f5ib v\u00f5tta ka mitu \u00f6\u00f6p\u00e4eva (rahest tulnud autod). Soodne M\u00f5lgi eemaldus on odavam kui detaili vahetus v\u00f5i v\u00e4rvimine koos keret\u00f6\u00f6dega. Efektiivne Tehase lakikiht s\u00e4ilib, mis on remonditud omast parem ning ei m\u00f5juta autom\u00fc\u00fcgihinda. Rohkem infot<\/p>\n","protected":false},"author":1,"featured_media":0,"parent":0,"menu_order":0,"comment_status":"closed","ping_status":"open","template":"","meta":{"ngg_post_thumbnail":0,"footnotes":""},"class_list":["post-2","page","type-page","status-publish","hentry"],"_links":{"self":[{"href":"https:\/\/dentjohn.eu\/et\/wp-json\/wp\/v2\/pages\/2","targetHints":{"allow":["GET"]}}],"collection":[{"href":"https:\/\/dentjohn.eu\/et\/wp-json\/wp\/v2\/pages"}],"about":[{"href":"https:\/\/dentjohn.eu\/et\/wp-json\/wp\/v2\/types\/page"}],"author":[{"embeddable":true,"href":"https:\/\/dentjohn.eu\/et\/wp-json\/wp\/v2\/users\/1"}],"replies":[{"embeddable":true,"href":"https:\/\/dentjohn.eu\/et\/wp-json\/wp\/v2\/comments?post=2"}],"version-history":[{"count":29,"href":"https:\/\/dentjohn.eu\/et\/wp-json\/wp\/v2\/pages\/2\/revisions"}],"predecessor-version":[{"id":897,"href":"https:\/\/dentjohn.eu\/et\/wp-json\/wp\/v2\/pages\/2\/revisions\/897"}],"wp:attachment":[{"href":"https:\/\/dentjohn.eu\/et\/wp-json\/wp\/v2\/media?parent=2"}],"curies":[{"name":"wp","href":"https:\/\/api.w.org\/{rel}","templated":true}]}}